{"id":47,"date":"2024-12-09T11:10:34","date_gmt":"2024-12-09T10:10:34","guid":{"rendered":"https:\/\/hitzkareaga.com\/aprolan\/?page_id=47"},"modified":"2024-12-09T11:10:34","modified_gmt":"2024-12-09T10:10:34","slug":"politica-de-cookies","status":"publish","type":"page","link":"https:\/\/hitzkareaga.com\/aprolan\/politica-de-cookies\/","title":{"rendered":"Pol\u00edtica de cookies"},"content":{"rendered":"\n<p>Esta web utiliza cookies propias y de terceros para proporcionarte una mejor experiencia de navegaci\u00f3n, compartir contenido en redes sociales y para obtener estad\u00edsticas de usuarios.<\/p>\n\n\n\n<p>Al acceder a la web, tendr\u00e1s la opci\u00f3n de activar expresamente las cookies que consideres oportunas. De esta manera evitar\u00e1s que las cookies que no desees se almacenen en tu disco duro. Solamente las cookies necesarias para el buen funcionamiento de la web han de descargarse necesariamente.<\/p>\n\n\n\n<p>No utilizamos ninguna informaci\u00f3n personal procedente de cookies, tan solo estad\u00edsticas generales de visitas que en ning\u00fan caso remiten a ninguna informaci\u00f3n personal.<\/p>\n\n\n\n<h2 class=\"wp-block-heading\">\u00bfQu\u00e9 son las cookies?<\/h2>\n\n\n\n<p>Una cookie es un peque\u00f1o fragmento de texto que los sitios web que visitas env\u00edan al navegador y que permite que el sitio web recuerde informaci\u00f3n sobre tu visita, como tu idioma preferido y otras opciones, con el fin de facilitar tu pr\u00f3xima visita y hacer que el sitio te resulte m\u00e1s \u00fatil. Las cookies desempe\u00f1an un papel muy importante y contribuyen a tener una mejor experiencia de navegaci\u00f3n para el usuario.<\/p>\n\n\n\n<h2 class=\"wp-block-heading\">\u00bfC\u00f3mo puedes eliminar las cookies?<\/h2>\n\n\n\n<p>Puedes restringir, bloquear o borrar las cookies de nuestra web o cualquier otra p\u00e1gina web utilizando tu navegador. En cada navegador la operativa es diferente:<\/p>\n\n\n\n<p><strong>Google Chrome<\/strong> (en el Men\u00fa Herramientas)\u2028Configuraci\u00f3n>Mostrar opciones avanzadas>Privacidad (Configuraci\u00f3n de Contenido)>Cookies\u2028M\u00e1s informaci\u00f3n: https:\/\/support.google.com\/chrome\/answer\/95647?hl=es<\/p>\n\n\n\n<p><strong>Microsoft Internet Explorer<\/strong> (en el Men\u00fa Herramientas)\u2028<\/p>\n\n\n\n<p>Opciones de Internet>Privacidad>Avanzada\u2028M\u00e1s informaci\u00f3n: http:\/\/windows.microsoft.com\/es-es\/internet-explorer\/delete-manage-cookies#ie=ie-9<\/p>\n\n\n\n<p><strong>Firefox<\/strong>\u2028 <\/p>\n\n\n\n<p>Opciones>Privacidad>Cookies\u2028M\u00e1s informaci\u00f3n: http:\/\/support.mozilla.org\/es\/kb\/habilitar-y-deshabilitar-coolies-que-los-sitios-we<\/p>\n\n\n\n<p><strong>Safari,iPad y iPhone<\/strong>\u2028 <\/p>\n\n\n\n<p>Preferencias>Privacidad\u2028M\u00e1s informaci\u00f3n: http:\/\/www.apple.com\/es\/privacy\/use-of-cookies\/<\/p>\n\n\n\n<p><strong>Opera<\/strong><\/p>\n\n\n\n<p>\u2028Configuraci\u00f3n>Opciones>Avanzado>Cookies\u2028M\u00e1s informaci\u00f3n: http:\/\/help.opera.com\/Linux\/10.60\/es-ES\/cookies.html<\/p>\n\n\n\n<h2 class=\"wp-block-heading\">Advertencia importante sobre las cookies<\/h2>\n\n\n\n<p>Teniendo en cuenta la forma en la que funciona Internet y los sitios web,\u00a0no siempre contamos con informaci\u00f3n de las cookies que terceras partes puedan utilizar a trav\u00e9s de nuestro sitio web.\u2028Esto se aplica especialmente a casos en los que nuestra\u00a0p\u00e1gina web contiene elementos integrados: es decir, textos, documentos, im\u00e1genes o breves pel\u00edculas que se almacenan en otra parte, pero se muestran en nuestro sitio web o a trav\u00e9s del mismo.<\/p>\n\n\n\n<h2 class=\"wp-block-heading\">\u00bfQu\u00e9 cookies utiliza esta web?<\/h2>\n\n\n\n<h3 class=\"wp-block-heading\">Cookies propias:<\/h3>\n\n\n\n<p>Utilizamos cookies propias, de sesi\u00f3n, con finalidad t\u00e9cnica. Estas cookies permiten a la persona usuaria navegar a trav\u00e9s del sitio web y utilizar diferentes opciones y servicios que existen en el mismo.<\/p>\n\n\n\n<h3 class=\"wp-block-heading\">Cookies de terceros:<\/h3>\n\n\n\n<p><strong>Google Analytics<\/strong><br>Esta p\u00e1gina web utiliza Google Analytics, servicio anal\u00edtico de web prestado por Google, Inc., una compa\u00f1\u00eda de Delaware cuya oficina principal est\u00e1 en 1600 Amphitheatre Parkway, Mountain View (California), CA 94043, Estados Unidos (\u201cGoogle\u201d).<\/p>\n\n\n\n<p>A trav\u00e9s de la anal\u00edtica web se obtiene informaci\u00f3n relativa al n\u00famero de usuarios que acceden a la web, el n\u00famero de p\u00e1ginas vistas, la frecuencia y repetici\u00f3n de las visitas, su duraci\u00f3n, el navegador utilizado, el operador que presta el servicio, el idioma, el terminal que utiliza y la ciudad a la que est\u00e1 asignada su direcci\u00f3n IP. Informaci\u00f3n que posibilita un mejor y m\u00e1s apropiado servicio por parte de este portal.<\/p>\n\n\n\n<p>Para garantizar el anonimato, Google convertir\u00e1 su informaci\u00f3n en an\u00f3nima truncando la direcci\u00f3n IP antes de almacenarla, de forma que Google Analytics no se usa para localizar o recabar informaci\u00f3n personal identificable de los visitantes del sitio. Google solo podr\u00e1 enviar la informaci\u00f3n recabada por Google Analytics a terceros cuando est\u00e9 legalmente obligado a ello. Con arreglo a las condiciones de prestaci\u00f3n del servicio de Google Analytics, Google no asociar\u00e1 su direcci\u00f3n IP a ning\u00fan otro dato conservado por Google.<\/p>\n\n\n\n<p><strong>Servicio de Google Maps<\/strong><\/p>\n\n\n\n<p>Google maps permite la inserci\u00f3n de mapas en las webs de terceros, como la presente. Las cookies utilizadas por google maps son: SID, SAPISID, APISID, SSID, HSID, NID, PREF.<\/p>\n\n\n\n<p>Sirven para establecer varios identificadores \u00fanicos, salvo la cookie PREF, que es utilizada para mostrar las preferencias del zoom de los mapas.<\/p>\n\n\n\n<p>La cookie PREF tiene una duraci\u00f3n de un a\u00f1o. Las cookies SAPISID, APISID, SSID, HSID, SID, tienen una duraci\u00f3n de dos a\u00f1os.<\/p>\n\n\n\n<p>Para m\u00e1s informaci\u00f3n sobre las cookies que utiliza google maps, puedes visitar el siguiente enlace:\u2028http:\/\/www.google.com\/policies\/technologies\/types\/<\/p>\n\n\n\n<h3 class=\"wp-block-heading\">Cookies de redes sociales<\/h3>\n\n\n\n<p>Las cookies de redes sociales \u00a0pueden almacenarse en tu navegador mientras navegas por nuestra web, por ejemplo, cuando utilizas el bot\u00f3n de compartir contenidos de nuestro sitio web en alguna red social.<\/p>\n\n\n\n<p>Las empresas que generan estas cookies correspondientes a las\u00a0 redes sociales que utiliza esta web\u00a0 tienen sus propias pol\u00edticas de cookies.<\/p>\n\n\n\n<p>Cookies de Instagram, seg\u00fan lo dispuesto en su pol\u00edtica de datos https:\/\/about.instagram.com\/es-la\/blog\/announcements\/instagram-community-data-policy<\/p>\n\n\n\n<p>Cookies de Google, seg\u00fan lo dispuesto en su pol\u00edtica de privacidad y uso de cookies https:\/\/policies.google.com\/technologies\/cookies?hl=es-419<\/p>\n\n\n\n<p>Si deseas tener un mayor control sobre la instalaci\u00f3n de cookies, puedes instalar programas o complementos a tu navegador, conocidos como herramientas de \u201cDo Not Track\u201d, que te permitir\u00e1n escoger aquellas cookies que deseas permitir.<\/p>\n\n\n\n<p>\u2014\u2014<\/p>\n\n\n\n<p>Esta web utiliza cookies propias y de terceros para proporcionarte una mejor experiencia de navegaci\u00f3n, compartir contenido en redes sociales y para obtener estad\u00edsticas de usuarios. Si haces clic en \u00abAceptar todas\u00bb aceptar\u00e1s todas las cookies y si quieres ajustar qu\u00e9 cookies consentir y cuales no, haz clic en \u00abAjustar cookies\u00bb.<\/p>\n\n\n\n<p>Esta web utiliza cookies propias y de terceros para proporcionarte una mejor experiencia de navegaci\u00f3n, compartir contenido en redes sociales y para obtener estad\u00edsticas de usuarios.<\/p>\n\n\n\n<p>Al acceder a la web, tendr\u00e1s la opci\u00f3n de activar expresamente las cookies que consideres oportunas. De esta manera evitar\u00e1s que las cookies que no desees se almacenen en tu disco duro. Solamente las cookies necesarias para el buen funcionamiento de la web han de descargarse necesariamente.<\/p>\n\n\n\n<p>No utilizamos ninguna informaci\u00f3n personal procedente de cookies, tan solo estad\u00edsticas generales de visitas que en ning\u00fan caso remiten a ninguna informaci\u00f3n personal.<\/p>\n","protected":false},"excerpt":{"rendered":"<p>Esta web utiliza cookies propias y de terceros para proporcionarte una mejor experiencia de navegaci\u00f3n, compartir contenido en redes sociales y para obtener estad\u00edsticas de usuarios. Al acceder a la web, tendr\u00e1s la opci\u00f3n de activar expresamente las cookies que consideres oportunas. De esta manera evitar\u00e1s que las cookies que no desees se almacenen en [&hellip;]<\/p>\n","protected":false},"author":1,"featured_media":0,"parent":0,"menu_order":0,"comment_status":"closed","ping_status":"closed","template":"","meta":{"_acf_changed":false,"footnotes":""},"class_list":["post-47","page","type-page","status-publish","hentry"],"acf":[],"_links":{"self":[{"href":"https:\/\/hitzkareaga.com\/aprolan\/wp-json\/wp\/v2\/pages\/47","targetHints":{"allow":["GET"]}}],"collection":[{"href":"https:\/\/hitzkareaga.com\/aprolan\/wp-json\/wp\/v2\/pages"}],"about":[{"href":"https:\/\/hitzkareaga.com\/aprolan\/wp-json\/wp\/v2\/types\/page"}],"author":[{"embeddable":true,"href":"https:\/\/hitzkareaga.com\/aprolan\/wp-json\/wp\/v2\/users\/1"}],"replies":[{"embeddable":true,"href":"https:\/\/hitzkareaga.com\/aprolan\/wp-json\/wp\/v2\/comments?post=47"}],"version-history":[{"count":1,"href":"https:\/\/hitzkareaga.com\/aprolan\/wp-json\/wp\/v2\/pages\/47\/revisions"}],"predecessor-version":[{"id":48,"href":"https:\/\/hitzkareaga.com\/aprolan\/wp-json\/wp\/v2\/pages\/47\/revisions\/48"}],"wp:attachment":[{"href":"https:\/\/hitzkareaga.com\/aprolan\/wp-json\/wp\/v2\/media?parent=47"}],"curies":[{"name":"wp","href":"https:\/\/api.w.org\/{rel}","templated":true}]}}