{"id":3,"date":"2018-11-14T17:22:12","date_gmt":"2018-11-14T17:22:12","guid":{"rendered":"http:\/\/hitzkareaga.com\/clinicaredondo\/?page_id=3"},"modified":"2019-05-03T08:42:44","modified_gmt":"2019-05-03T08:42:44","slug":"politica-privacidad","status":"publish","type":"page","link":"http:\/\/hitzkareaga.com\/mge\/redondo\/politica-privacidad\/","title":{"rendered":"Pol\u00edtica de privacidad"},"content":{"rendered":"<h2><strong><em>Pol\u00edtica de privacidad de Mar\u00eda Redondo Aretio<\/em><\/strong><\/h2>\n<p><strong>Identidad del responsable del tratamiento:<\/strong> MAR\u00cdA REDONDO ARETIO<br \/>\n<strong>Domicilio social:<\/strong> C\/ RODRIGUEZ ARIAS 71BIS 5\u00aa PLANTA<br \/>\n<strong>Correo electr\u00f3nico de contacto:<\/strong>\u00a0<a href=\"mailto:info@dentalredondo.es\">info@dentalredondo.es<\/a><strong><br \/>\nP\u00e1gina web:<\/strong> <a href=\"http:\/\/WWW.DENTALREDONDO.ES\">WWW.DENTALREDONDO.ES<\/a><br \/>\n<strong>Tel\u00e9fono:<\/strong> 944 418 538<br \/>\n<strong>Finalidad del tratamiento: <\/strong>MAR\u00cdA REDONDO ARETIO tratar\u00e1 la informaci\u00f3n facilitada por el USUARIO con distintas finalidades, dependiendo de la v\u00eda de recogida de los datos:<\/p>\n<ul>\n<li>Gestionar la relaci\u00f3n contractual o comercial establecida entre MAR\u00cdA REDONDO ARETIO, y el USUARIO.<\/li>\n<li>Prestar los servicios solicitados por el USUARIO.<\/li>\n<li>Adecuar dichos servicios para mejorar su calidad de cara al USUARIO.<\/li>\n<li>Realizar estudios que permitan dise\u00f1ar mejoras en los servicios prestados.<\/li>\n<li>Enviar informaci\u00f3n requerida por el USUARIO.<\/li>\n<\/ul>\n<p>El USUARIO consiente el tratamiento de sus datos con las finalidades descritas, sin perjuicio del derecho que le asiste de revocar dicho consentimiento a trav\u00e9s de un correo electr\u00f3nico a la direcci\u00f3n <a href=\"mailto:info@dentalredondo.es\">info@dentalredondo.es<\/a>, identific\u00e1ndose como USUARIO del SITIO WEB y concretando su solicitud.<\/p>\n<p>&nbsp;<\/p>\n<h2><em>Car\u00e1cter obligatorio o facultativo de la informaci\u00f3n solicitada<\/em><\/h2>\n<p>Los datos obligatorios de cada formulario ser\u00e1n identificados como tales en el propio formulario.<\/p>\n<p>La negativa a suministrar dicha informaci\u00f3n impedir\u00e1 hacer efectivo el servicio solicitado por el USUARIO.<\/p>\n<p>&nbsp;<\/p>\n<h2><strong><em>Plazo de conservaci\u00f3n<\/em><\/strong><\/h2>\n<p>Los datos personales proporcionados se conservar\u00e1n el plazo necesario para gestionar su consulta, sugerencia, queja o reclamaci\u00f3n, as\u00ed como para la prestaci\u00f3n del servicio solicitado o el desarrollo de la relaci\u00f3n contractual establecida entre usted y MAR\u00cdA REDONDO ARETIO.<\/p>\n<p>Finalizada la misma, se conservar\u00e1n durante el plazo correspondiente para cumplir con las obligaciones legales o durante el plazo que un juez o tribunal lo pueda requerir.<\/p>\n<p>&nbsp;<\/p>\n<h2><strong><em>Legitimaci\u00f3n del tratamiento de los datos personales<\/em><\/strong><\/h2>\n<p>La legitimaci\u00f3n para el tratamiento de datos se basa en la ejecuci\u00f3n de un contrato suscrito entre usted y MAR\u00cdA REDONDO ARETIO para la prestaci\u00f3n del servicio solicitado y el consentimiento otorgado a trav\u00e9s de la cumplimentaci\u00f3n de los formularios habilitados en la web.<\/p>\n<p>&nbsp;<\/p>\n<h2><strong><em>Destinatarios<\/em><\/strong><\/h2>\n<p><em>Los datos personales recabados a trav\u00e9s de los diferentes formularios de contacto o a trav\u00e9s del correo electr\u00f3nico, postal o tel\u00e9fono, no ser\u00e1n cedidos o comunicados a terceros, salvo en los supuestos necesarios para el desarrollo, control y cumplimiento de la\/s finalidad\/es expresada\/s, en los supuestos previstos seg\u00fan Ley, as\u00ed como en los casos espec\u00edficos, de los que se informe expresamente al USUARIO.<\/em><\/p>\n<p>&nbsp;<\/p>\n<h2><strong><em>Compromisos del USUARIO<\/em><\/strong><\/h2>\n<p><em>El USUARIO garantiza que es mayor de 14 a\u00f1os y que la informaci\u00f3n facilitada es exacta y veraz.<\/em><\/p>\n<p><em>El USUARIO se compromete a informar a <\/em><em>MAR\u00cdA REDONDO ARETIO<\/em><em> de cualquier modificaci\u00f3n que sufra la informaci\u00f3n facilitada a trav\u00e9s de un correo electr\u00f3nico a la direcci\u00f3n <a href=\"mailto:info@dentalredondo.es\">info@dentalredondo.es<\/a>, identific\u00e1ndose como USUARIO del SITIO WEB y concretando la informaci\u00f3n que deba ser modificada.<\/em><\/p>\n<p>&nbsp;<\/p>\n<h2><strong><em>Datos de terceros facilitados por el USUARIO<\/em><\/strong><\/h2>\n<p>En caso de que el USUARIO facilite datos personales de terceras personas con cualquier finalidad, garantiza haber informado previamente a los afectados y haber obtenido su consentimiento para la comunicaci\u00f3n de sus datos a MAR\u00cdA REDONDO ARETIO<\/p>\n<p>El USUARIO garantiza que los afectados son mayores de 14 a\u00f1os y que la informaci\u00f3n facilitada es exacta y veraz.<\/p>\n<p>MAR\u00cdA REDONDO ARETIO contrastar\u00e1 el consentimiento de dichos afectados a trav\u00e9s de un primer correo electr\u00f3nico con contenido no comercial en el que se solicitar\u00e1 la verificaci\u00f3n del consentimiento otorgado en su nombre por el USUARIO.<\/p>\n<p>En caso de que se deriven responsabilidades por un incumplimiento de estas condiciones por parte del USUARIO, deber\u00e1 responder de las consecuencias de dicho incumplimiento.<\/p>\n<p>&nbsp;<\/p>\n","protected":false},"excerpt":{"rendered":"<p>Pol\u00edtica de privacidad de Mar\u00eda Redondo Aretio Identidad del responsable del tratamiento: MAR\u00cdA REDONDO ARETIO Domicilio social: C\/ RODRIGUEZ ARIAS 71BIS 5\u00aa PLANTA Correo electr\u00f3nico de contacto:\u00a0info@dentalredondo.es P\u00e1gina web: WWW.DENTALREDONDO.ES Tel\u00e9fono: 944 418 538 Finalidad del tratamiento: MAR\u00cdA REDONDO ARETIO tratar\u00e1 la informaci\u00f3n facilitada por el USUARIO con distintas finalidades, dependiendo de la v\u00eda de [&hellip;]<\/p>\n","protected":false},"author":1,"featured_media":0,"parent":0,"menu_order":0,"comment_status":"closed","ping_status":"open","template":"","meta":{"_acf_changed":false,"footnotes":""},"class_list":["post-3","page","type-page","status-publish","hentry"],"acf":[],"_links":{"self":[{"href":"http:\/\/hitzkareaga.com\/mge\/redondo\/wp-json\/wp\/v2\/pages\/3","targetHints":{"allow":["GET"]}}],"collection":[{"href":"http:\/\/hitzkareaga.com\/mge\/redondo\/wp-json\/wp\/v2\/pages"}],"about":[{"href":"http:\/\/hitzkareaga.com\/mge\/redondo\/wp-json\/wp\/v2\/types\/page"}],"author":[{"embeddable":true,"href":"http:\/\/hitzkareaga.com\/mge\/redondo\/wp-json\/wp\/v2\/users\/1"}],"replies":[{"embeddable":true,"href":"http:\/\/hitzkareaga.com\/mge\/redondo\/wp-json\/wp\/v2\/comments?post=3"}],"version-history":[{"count":10,"href":"http:\/\/hitzkareaga.com\/mge\/redondo\/wp-json\/wp\/v2\/pages\/3\/revisions"}],"predecessor-version":[{"id":316,"href":"http:\/\/hitzkareaga.com\/mge\/redondo\/wp-json\/wp\/v2\/pages\/3\/revisions\/316"}],"wp:attachment":[{"href":"http:\/\/hitzkareaga.com\/mge\/redondo\/wp-json\/wp\/v2\/media?parent=3"}],"curies":[{"name":"wp","href":"https:\/\/api.w.org\/{rel}","templated":true}]}}