{"id":203,"date":"2021-06-29T07:46:14","date_gmt":"2021-06-29T07:46:14","guid":{"rendered":"http:\/\/hitzkareaga.com\/mge\/enbor\/?page_id=203"},"modified":"2021-06-29T07:46:14","modified_gmt":"2021-06-29T07:46:14","slug":"privacidad","status":"publish","type":"page","link":"http:\/\/hitzkareaga.com\/mge\/enbor\/privacidad\/","title":{"rendered":"Pol\u00edtica de privacidad"},"content":{"rendered":"<h2>1. \u00bfQui\u00e9n es la entidad responsable del tratamiento de tus datos?<\/h2>\n<p>Nombre y denominaci\u00f3n social: <strong>ENBOR DIDAKTIKOAK, S.L.<\/strong><br \/>\nCIF: <strong>B-48.547.566<\/strong><br \/>\nDomicilio social: <strong>C\/ Larrauri 1 A, Derio \u2013 48.160 (Bizkaia)<\/strong><br \/>\nTel\u00e9fono: <strong>94 454 12 45<\/strong><br \/>\nEmail: <strong>enbor@enbor.net<\/strong><\/p>\n<h2>2. \u00bfCon qu\u00e9 finalidad tratamos tus datos personales?<\/h2>\n<p>Nuestra empresa trata la informaci\u00f3n que nos facilitan las personas interesadas con el fin de:<\/p>\n<p>a) ejecutar el precontrato o contrato al adquirir uno de nuestros productos \u00f3 servicios.<br \/>\nb) responder a tus consultas si nos has contactado v\u00eda email, formulario de contacto o a trav\u00e9s de otro medio.<br \/>\nc) en caso de que nos hayas dado tu consentimiento expreso, para el env\u00edo de informaci\u00f3n comercial de nuestra empresa que pueda ser de tu inter\u00e9s.<br \/>\nd) incorporar tu candidatura a nuestros procesos de selecci\u00f3n de personal en curso y a futuros procesos de selecci\u00f3n.<\/p>\n<h2>3. \u00bfPor cu\u00e1nto tiempo conservaremos tus datos?<\/h2>\n<p>a) Si mantenemos una relaci\u00f3n contractual \u00f3 precontractual, los conservaremos durante los periodos que establece la normativa vigente a efectos de posibles reclamaciones o cumplimiento de una obligaci\u00f3n legal establecida. Si nos solicitas su supresi\u00f3n, podremos conservarlos bloqueados por este motivo.<br \/>\nb) Si nos has contactado por email, formulario de contacto o cualquier otro medio y no tenemos una relaci\u00f3n contractual \u00f3 precontractual, conservaremos tus datos por el tiempo estrictamente necesario para responder a tu solicitud.<br \/>\nc) Si nos has dado tu consentimiento expreso para que te enviemos informaci\u00f3n comercial sobre nuestros productos y servicios, los conservaremos mientras no nos solicites su supresi\u00f3n.<br \/>\nd) Conservaremos los datos referentes a tu candidatura mientras no nos solicites su supresi\u00f3n.<\/p>\n<h2>4. \u00bfCu\u00e1l es la legitimaci\u00f3n para el tratamiento de tus datos?<\/h2>\n<p>La base legal para el tratamiento de tus datos es:<\/p>\n<p>a) si tenemos un contrato y para todo lo referente al mismo, su ejecuci\u00f3n.<br \/>\nb) para responder a tus emails o consultas, nos basamos en tu consentimiento basado en la relaci\u00f3n contractual \u00f3 precontractual que establecemos.<br \/>\nc) para enviarte informaci\u00f3n sobre las novedades de nuestra empresa, tu consentimiento expreso.<br \/>\nd) para poder incluir tu candidatura en nuestros procesos de selecci\u00f3n, recabaremos previamente tu consentimiento expreso.<\/p>\n<h2>5. \u00bfA qu\u00e9 destinatarios se comunicar\u00e1n tus datos?<\/h2>\n<p>No cedemos tus datos, salvo obligaci\u00f3n legal. A\u00fan as\u00ed debes saber que trabajamos con empresas que se encargan de ciertos tratamientos y que, como tales, tienen acceso a ciertos datos. Por ejemplo, si nos has contratado un servicio o adquirido alg\u00fan producto, algunos de tus datos pueden ser comunicados a nuestra asesor\u00eda fiscal y contable as\u00ed como a entidades bancarias al efecto de la gesti\u00f3n del cobro.<\/p>\n<p>Tambi\u00e9n trabajamos con una empresa encargada del alojamiento web y del email hosting. Para ello hemos elegido una empresa espa\u00f1ola, asegurando as\u00ed que tus datos est\u00e9n amparados por la normativa estatal y europea.<\/p>\n<p>Trabajamos con Google para la anal\u00edtica web (Google Analitycs), empresa ubicada en EE.UU. Seg\u00fan la normativa actual, la UE considera que las empresas radicadas en EE.UU no pueden garantizar la privacidad de los datos personales de la ciudadan\u00eda europea. Esto es debido a que tienen la obligaci\u00f3n de cederlos en caso de ser requeridas por su gobierno, alegando motivos de seguridad nacional. Es por ello que, al acceder a la web, solicitaremos tu consentimiento previo y expreso para dicho tratamiento de datos.<\/p>\n<p>Disponemos de un contrato de confidencialidad con nuestros colaboradores encargados del tratamiento, quienes se comprometen a garantizar la seguridad de tus datos y a cumplir con la legislaci\u00f3n vigente en dicha materia.<\/p>\n<h2>6. \u00bfCu\u00e1les son tus derechos cuando nos facilitas tus datos?<\/h2>\n<p>Cualquier persona tiene derecho a obtener confirmaci\u00f3n sobre si estamos tratando datos que les conciernan, o no.<\/p>\n<p>Las personas interesadas tienen derecho a acceder a sus datos personales, as\u00ed como a solicitar la rectificaci\u00f3n de los datos inexactos o, en su caso, solicitar su supresi\u00f3n cuando, entre otros motivos, los datos ya no sean necesarios para los fines que fueron recogidos.<\/p>\n<p>En determinadas circunstancias, las personas interesadas podr\u00e1n solicitar la limitaci\u00f3n del tratamiento de sus datos, en cuyo caso \u00fanicamente los conservaremos para el ejercicio o la defensa de reclamaciones.<\/p>\n<p>En determinadas circunstancias y por motivos relacionados con su situaci\u00f3n particular, las personas interesadas podr\u00e1n oponerse al tratamiento de sus datos. En este caso dejaremos de tratar tus datos, salvo por motivos leg\u00edtimos imperiosos, o el ejercicio o la defensa de posibles reclamaciones.<\/p>\n<p>Puedes ejercer el derecho a la portabilidad de tus datos, transmiti\u00e9ndole los datos tratados por medios automatizados a otra responsable, si lo solicitas.<\/p>\n<p>En el caso de que se haya otorgado el consentimiento para una finalidad espec\u00edfica, puedes retirar tu consentimiento en cualquier momento, sin que afecte a la licitud del tratamiento basado en el consentimiento previo a su retirada.<\/p>\n<p>Puedes ejercer materialmente estos derechos, enviando un email a la direcci\u00f3n enbor@enbor.net indicando cual es el derecho que solicitas y te enviaremos un formulario para ejercitarlo.<\/p>\n<p>Asimismo, tienes derecho a presentar una reclamaci\u00f3n ante la Agencia Espa\u00f1ola de Protecci\u00f3n de Datos, especialmente si no se te ha satisfecho en el ejercicio de tus derechos. Para ello, deber\u00e1s acceder a la sede electr\u00f3nica en www.agpd.es y seguir las instrucciones que se indican.<\/p>\n","protected":false},"excerpt":{"rendered":"<p>1. \u00bfQui\u00e9n es la entidad responsable del tratamiento de tus datos? Nombre y denominaci\u00f3n social: ENBOR DIDAKTIKOAK, S.L. CIF: B-48.547.566 Domicilio social: C\/ Larrauri 1 A, Derio \u2013 48.160 (Bizkaia) Tel\u00e9fono: 94 454 12 45 Email: enbor@enbor.net 2. \u00bfCon qu\u00e9 finalidad tratamos tus datos personales? Nuestra empresa trata la informaci\u00f3n que nos facilitan las personas [&hellip;]<\/p>\n","protected":false},"author":1,"featured_media":0,"parent":0,"menu_order":0,"comment_status":"closed","ping_status":"closed","template":"","meta":[],"acf":[],"_links":{"self":[{"href":"http:\/\/hitzkareaga.com\/mge\/enbor\/wp-json\/wp\/v2\/pages\/203"}],"collection":[{"href":"http:\/\/hitzkareaga.com\/mge\/enbor\/wp-json\/wp\/v2\/pages"}],"about":[{"href":"http:\/\/hitzkareaga.com\/mge\/enbor\/wp-json\/wp\/v2\/types\/page"}],"author":[{"embeddable":true,"href":"http:\/\/hitzkareaga.com\/mge\/enbor\/wp-json\/wp\/v2\/users\/1"}],"replies":[{"embeddable":true,"href":"http:\/\/hitzkareaga.com\/mge\/enbor\/wp-json\/wp\/v2\/comments?post=203"}],"version-history":[{"count":1,"href":"http:\/\/hitzkareaga.com\/mge\/enbor\/wp-json\/wp\/v2\/pages\/203\/revisions"}],"predecessor-version":[{"id":204,"href":"http:\/\/hitzkareaga.com\/mge\/enbor\/wp-json\/wp\/v2\/pages\/203\/revisions\/204"}],"wp:attachment":[{"href":"http:\/\/hitzkareaga.com\/mge\/enbor\/wp-json\/wp\/v2\/media?parent=203"}],"curies":[{"name":"wp","href":"https:\/\/api.w.org\/{rel}","templated":true}]}}