{"id":199,"date":"2021-06-29T07:31:10","date_gmt":"2021-06-29T07:31:10","guid":{"rendered":"http:\/\/hitzkareaga.com\/mge\/enbor\/?page_id=199"},"modified":"2021-06-29T07:38:11","modified_gmt":"2021-06-29T07:38:11","slug":"aviso-legal","status":"publish","type":"page","link":"http:\/\/hitzkareaga.com\/mge\/enbor\/aviso-legal\/","title":{"rendered":"Aviso legal"},"content":{"rendered":"<h2>Datos identificativos<\/h2>\n<p>En cumplimiento con el deber de informaci\u00f3n recogido en art\u00edculo 10 de la Ley 34\/2002, de 11 de julio, de Servicios de la Sociedad de la Informaci\u00f3n y del Comercio Electr\u00f3nico, a continuaci\u00f3n se reflejan los siguientes datos de la titular del dominio web:<\/p>\n<p>Nombre y denominaci\u00f3n social:<strong> ENBOR DIDAKTIKOAK, S.L.<\/strong><br \/>\nCIF: <strong>B-48.547.566<\/strong><br \/>\nDomicilio social: <strong>C\/ Larrauri 1 A, Derio \u2013 48.160 (Bizkaia)<\/strong><br \/>\nTel\u00e9fono: <strong>94 454 12 45<\/strong><br \/>\nEmail: <strong>enbor@enbor.net<\/strong><\/p>\n<h2>Personas usuarias de la web<\/h2>\n<p>El acceso y\/o uso de esta web atribuye la condici\u00f3n de persona usuaria, que acepta, desde dicho acceso y\/o uso, las condiciones generales de uso aqu\u00ed reflejadas. Las citadas condiciones ser\u00e1n de aplicaci\u00f3n independientemente de las condiciones generales de contrataci\u00f3n que en su caso resulten de obligado cumplimiento.<\/p>\n<h2>Uso de la web<\/h2>\n<p>http:\/\/www.enbor.net proporciona el acceso a multitud de informaciones, servicios, programas o datos (en adelante, \u00ablos contenidos\u00bb) en Internet pertenecientes a su web o a sus licenciantes a los que la persona usuaria pueda tener acceso. La persona usuaria asume la responsabilidad del uso de la web. Dicha responsabilidad se extiende al registro que fuese necesario para acceder a determinados servicios o contenidos. En dicho registro la persona usuaria ser\u00e1 responsable de aportar informaci\u00f3n veraz y l\u00edcita. Como consecuencia de este registro, a la persona usuaria se le puede proporcionar una contrase\u00f1a de la que ser\u00e1 responsable, comprometi\u00e9ndose a hacer un uso diligente y confidencial de la misma. La persona usuaria se compromete a hacer un uso adecuado de los contenidos y servicios. <strong>Enbor Didaktikoak, S.L.<\/strong> se reserva el derecho de retirar todos aquellos comentarios y aportaciones que vulneren el respeto a la dignidad de la persona, que sean discriminatorios, xen\u00f3fobos, racistas, pornogr\u00e1ficos, que atenten contra la juventud o la infancia, el orden o la seguridad p\u00fablica o que, a su juicio, no resultaran adecuados para su publicaci\u00f3n. En cualquier caso, no ser\u00e1 responsable de las opiniones vertidas por los usuarios a trav\u00e9s de las herramientas de participaci\u00f3n que puedan existir.<\/p>\n<h2>Protecci\u00f3n de datos<\/h2>\n<p><strong>Enbor Didaktikoak, S.L.<\/strong> cumple con las directrices de la normativa vigente en materia de protecci\u00f3n de datos (Ley Org\u00e1nica 3\/2018, de 5 de diciembre de protecci\u00f3n de datos personales y garant\u00eda de los derechos digitales y el Reglamento UE 2016\/679 del Parlamento Europeo y del Consejo, de 27 de abril de 2016) y vela por garantizar un correcto uso y tratamiento de los datos personales de la persona usuaria. Para ello, junto a cada formulario de recabo de datos de car\u00e1cter personal, en los servicios que la persona usuaria pueda solicitarnos, se le har\u00e1 saber a la misma de la existencia y aceptaci\u00f3n de las condiciones particulares del tratamiento de sus datos en cada caso, inform\u00e1ndole de la responsabilidad del fichero creado, la direcci\u00f3n de la responsable, la posibilidad de ejercer sus derechos de acceso, rectificaci\u00f3n, oposici\u00f3n, portabilidad, limitaci\u00f3n del tratamiento y supresi\u00f3n, la finalidad del tratamiento y las comunicaciones de datos a terceros en su caso. Asimismo, te informamos que nuestra empresa da cumplimiento a la Ley 34\/2002 de 11 de julio, de Servicios de la Sociedad de la Informaci\u00f3n y el Comercio Electr\u00f3nico y te solicitar\u00e1 tu consentimiento expreso al tratamiento de tu correo electr\u00f3nico con fines comerciales en cada momento.<\/p>\n<h2>Propiedad intelectual e industrial<\/h2>\n<p><strong>Enbor Didaktikoak, S.L.<\/strong> es titular de todos los derechos de propiedad intelectual e industrial de su p\u00e1gina web, as\u00ed como de los elementos contenidos en la misma (a t\u00edtulo enunciativo, im\u00e1genes, sonido, audio, v\u00eddeo, software o textos; marcas o logotipos, combinaciones de colores, estructura y dise\u00f1o, selecci\u00f3n de materiales usados, programas de ordenador necesarios para su funcionamiento, acceso y uso, etc.), titularidad de la empresa. Todos los derechos reservados. En virtud de lo dispuesto en los art\u00edculos 8 y 32.1, p\u00e1rrafo segundo, de la Ley de Propiedad Intelectual, quedan expresamente prohibidas la reproducci\u00f3n, la distribuci\u00f3n y la comunicaci\u00f3n p\u00fablica, incluida su modalidad de puesta a disposici\u00f3n, de la totalidad o parte de los contenidos de esta p\u00e1gina web, con fines comerciales, en cualquier soporte y por cualquier medio t\u00e9cnico, sin nuestra autorizaci\u00f3n previa. La persona usuaria se compromete a respetar los derechos de Propiedad Intelectual e Industrial titularidad de nuestra empresa. Tambi\u00e9n deber\u00e1 abstenerse de suprimir, alterar, eludir o manipular cualquier dispositivo de protecci\u00f3n o sistema de seguridad que estuviera instalado en nuestras p\u00e1ginas.<\/p>\n<h2>Exclusi\u00f3n de garant\u00edas y responsabilidad<\/h2>\n<p><strong>Enbor Didaktikoak, S.L.<\/strong> no se hace responsable, en ning\u00fan caso, de los da\u00f1os y perjuicios de cualquier naturaleza que pudieran ocasionar, a t\u00edtulo enunciativo: errores u omisiones en los contenidos, falta de disponibilidad de la web o la transmisi\u00f3n de virus o programas maliciosos o lesivos en los contenidos, a pesar de haber adoptado todas las medidas tecnol\u00f3gicas necesarias para evitarlo.<\/p>\n<h2>Modificaciones<\/h2>\n<p><strong>Enbor Didaktikoak, S.L.<\/strong> se reserva el derecho de efectuar sin previo aviso las modificaciones que considere oportunas en su web, pudiendo cambiar, suprimir o a\u00f1adir tanto los contenidos y servicios que se presten a trav\u00e9s de la misma como la forma en la que \u00e9stos aparezcan presentados o localizados en la propia web.<\/p>\n<h2>Enlaces<\/h2>\n<p>En el caso de que en <strong>www.enbordidaktikoak.com<\/strong> se dispusiesen enlaces o hiperv\u00ednculos hac\u00eda otros sitios de Internet, nuestra empresa no ejercer\u00e1 ning\u00fan tipo de control sobre dichos sitios y contenidos. En ning\u00fan caso asumimos responsabilidad alguna por los contenidos de alg\u00fan enlace perteneciente a un sitio web ajeno, ni garantizamos la disponibilidad t\u00e9cnica, calidad, fiabilidad, exactitud, amplitud, veracidad, validez y constitucionalidad de cualquier material o informaci\u00f3n contenida en ninguno de dichos hiperv\u00ednculos u otros sitios de Internet. Igualmente la inclusi\u00f3n de estas conexiones externas no implicar\u00e1 ning\u00fan tipo de asociaci\u00f3n, fusi\u00f3n o participaci\u00f3n con las entidades conectadas.<\/p>\n<h2>Derecho de exclusi\u00f3n<\/h2>\n<p><strong>Enbor Didaktikoak, S.L.<\/strong> se reserva el derecho a denegar o retirar el acceso a la web y\/o los servicios ofrecidos sin necesidad de preaviso, a instancia propia o de un tercero, a aquellas personas usuarias que incumplan las presentes condiciones generales de uso.<\/p>\n<h2>Generalidades<\/h2>\n<p><strong>Enbor Didaktikoak, S.L.<\/strong> perseguir\u00e1 el incumplimiento de las presentes condiciones as\u00ed como cualquier utilizaci\u00f3n indebida de su web ejerciendo todas las acciones civiles y penales que le puedan corresponder en derecho.<\/p>\n<h2>Modificaci\u00f3n de las presentes condiciones y duraci\u00f3n<\/h2>\n<p>En cualquier momento, podremos modificar las condiciones aqu\u00ed determinadas, siendo debidamente publicadas como aqu\u00ed aparecen. La vigencia de las citadas condiciones ir\u00e1 en funci\u00f3n de su exposici\u00f3n y estar\u00e1n vigentes hasta que sean modificadas por otras debidamente publicadas.<\/p>\n<h2>Legislaci\u00f3n aplicable y jurisdicci\u00f3n<\/h2>\n<p>Con car\u00e1cter general, la relaci\u00f3n entre nuestra empresa y la persona usuaria se someter\u00e1 a la legislaci\u00f3n y jurisdicci\u00f3n espa\u00f1olas.<\/p>\n","protected":false},"excerpt":{"rendered":"<p>Datos identificativos En cumplimiento con el deber de informaci\u00f3n recogido en art\u00edculo 10 de la Ley 34\/2002, de 11 de julio, de Servicios de la Sociedad de la Informaci\u00f3n y del Comercio Electr\u00f3nico, a continuaci\u00f3n se reflejan los siguientes datos de la titular del dominio web: Nombre y denominaci\u00f3n social: ENBOR DIDAKTIKOAK, S.L. CIF: B-48.547.566 [&hellip;]<\/p>\n","protected":false},"author":1,"featured_media":0,"parent":0,"menu_order":0,"comment_status":"closed","ping_status":"closed","template":"","meta":[],"acf":[],"_links":{"self":[{"href":"http:\/\/hitzkareaga.com\/mge\/enbor\/wp-json\/wp\/v2\/pages\/199"}],"collection":[{"href":"http:\/\/hitzkareaga.com\/mge\/enbor\/wp-json\/wp\/v2\/pages"}],"about":[{"href":"http:\/\/hitzkareaga.com\/mge\/enbor\/wp-json\/wp\/v2\/types\/page"}],"author":[{"embeddable":true,"href":"http:\/\/hitzkareaga.com\/mge\/enbor\/wp-json\/wp\/v2\/users\/1"}],"replies":[{"embeddable":true,"href":"http:\/\/hitzkareaga.com\/mge\/enbor\/wp-json\/wp\/v2\/comments?post=199"}],"version-history":[{"count":3,"href":"http:\/\/hitzkareaga.com\/mge\/enbor\/wp-json\/wp\/v2\/pages\/199\/revisions"}],"predecessor-version":[{"id":202,"href":"http:\/\/hitzkareaga.com\/mge\/enbor\/wp-json\/wp\/v2\/pages\/199\/revisions\/202"}],"wp:attachment":[{"href":"http:\/\/hitzkareaga.com\/mge\/enbor\/wp-json\/wp\/v2\/media?parent=199"}],"curies":[{"name":"wp","href":"https:\/\/api.w.org\/{rel}","templated":true}]}}